{"id":338,"date":"2023-03-15T16:13:49","date_gmt":"2023-03-15T16:13:49","guid":{"rendered":"http:\/\/domas.com\/?page_id=338"},"modified":"2023-03-15T16:16:05","modified_gmt":"2023-03-15T16:16:05","slug":"gdpr","status":"publish","type":"page","link":"http:\/\/domas.com\/index.php\/gdpr\/","title":{"rendered":"<strong>Politika varstva osebnih podatkov<\/strong>"},"content":{"rendered":"\n<div class=\"wp-block-group alignwide\"><div class=\"wp-block-group__inner-container is-layout-constrained wp-block-group-is-layout-constrained\">\n<div class=\"wp-block-columns alignwide are-vertically-aligned-top is-layout-flex wp-container-core-columns-is-layout-9d6595d7 wp-block-columns-is-layout-flex\">\n<div class=\"wp-block-column is-vertically-aligned-top is-layout-flow wp-block-column-is-layout-flow\" style=\"flex-basis:50%\">\n<figure class=\"wp-block-image\"><img loading=\"lazy\" decoding=\"async\" width=\"476\" height=\"476\" src=\"http:\/\/domas.com\/wp-content\/uploads\/2023\/03\/cropped-P8-cloud-business-1.jpg\" alt=\"DOMAS - kont\" class=\"wp-image-163\" srcset=\"http:\/\/domas.com\/wp-content\/uploads\/2023\/03\/cropped-P8-cloud-business-1.jpg 476w, http:\/\/domas.com\/wp-content\/uploads\/2023\/03\/cropped-P8-cloud-business-1-300x300.jpg 300w, http:\/\/domas.com\/wp-content\/uploads\/2023\/03\/cropped-P8-cloud-business-1-150x150.jpg 150w\" sizes=\"auto, (max-width: 476px) 100vw, 476px\" \/><\/figure>\n<\/div>\n\n\n\n<div class=\"wp-block-column is-vertically-aligned-top is-layout-flow wp-block-column-is-layout-flow\" style=\"flex-basis:50%\">\n<p><strong>Politika varstva osebnih podatkov<\/strong><\/p>\n\n\n\n<ol class=\"wp-block-list\" type=\"1\">\n<li><strong>Upravljavec<\/strong><\/li>\n<\/ol>\n\n\n\n<p>Upravljalec osebnih&nbsp; podatkov&nbsp; DOMAS-Kont d.o.o. spo\u0161tuje zasebnost uporabnikov in se zavezuje, da bo pridobljene osebne podatke&nbsp; obdelovala v skladu z vsakokrat veljavnimi predpisi na podro\u010dju varstva osebnih podatkov.<br>Na vpra\u0161anja uporabnika o zaupnosti uporabnikovih podatkov, na\u010dinu zbiranja in uporabi podatkov ali \u017eelje po dodatnih informacijah, bo odgovorila odgovorna oseba za varstvo podatkov.<strong><\/strong><\/p>\n\n\n\n<p><strong>2. &nbsp; Uporaba, obseg in namen hranjenja in obdelave<\/strong><\/p>\n\n\n\n<p>Osebne podatke hranimo in obdelujemo za namene ohranjevanja stika s strankami, tr\u017enega obve\u0161\u010danja prek elektronske po\u0161te, pospe\u0161evanja prodaje, profiliranja strank s ciljem prilagojene ponudbe vsebin in izdelkov strankam v elektronski po\u0161ti in na spletnih straneh. Ob poslanih elektronskih sporo\u010dilih si zabele\u017eimo prikaze na strani posameznikov prejetih sporo\u010dil. Za bolj\u0161o in bolj usmerjeno ponudbo ter prilagajanje nadaljnjih sporo\u010dil zabele\u017eene podatke obdelamo, analiziramo, profiliramo ter ocenjujemo zainteresiranost na\u0161ih strank za poslana sporo\u010dila.<\/p>\n\n\n\n<p>Na osnovi zabele\u017eenih podatkov in ustvarjenih profilov ne izvajamo avtomatiziranega sprejemanja odlo\u010ditev.<br>Za namen obve\u0161\u010danja z elektronsko po\u0161to hranimo&nbsp; &nbsp;<br>&#8211;&nbsp;&nbsp; &nbsp;ime in&nbsp;priimek<\/p>\n\n\n\n<p>&#8211;&nbsp;&nbsp;&nbsp; naslov<\/p>\n\n\n\n<p>&#8211;&nbsp;&nbsp;&nbsp; naslov elektronske po\u0161te<\/p>\n\n\n\n<p>&#8211;&nbsp;&nbsp;&nbsp; telefonska \u0161tevilka&nbsp;<\/p>\n\n\n\n<p>Osebne podatke zbiramo z izrecno privolitvijo oz. soglasjem posameznikov. Soglasja hranimo skupaj z njihovo vsebino in vsebino obrazca, s katerim so bila dobljena.<br>Osebne podatke uporabljajo na\u0161i naslednji oddelki:<\/p>\n\n\n\n<p>&#8211;&nbsp;&nbsp;&nbsp; Vodenje evidenc naro\u010dnikov publikacij<br>&#8211;&nbsp;&nbsp; &nbsp;Analiti\u010dne, statisti\u010dne, marketin\u0161ke raziskave<br>&#8211;&nbsp;&nbsp; &nbsp;Podpora strankam.<\/p>\n\n\n\n<p><strong>3. Varstvo podatkov<\/strong><\/p>\n\n\n\n<p>Varstvo osebnih podatkov se zagotavlja v skladu s to politiko in z zahtevami za zavarovanje osebnih podatkov, ki jih dolo\u010da zakonodaja Republike Slovenije (Zakon o varstvu osebnih podatkov, Ur. l. RS \u0161t. 86\/2004 s spremembami) in predpisi Evropskih skupnosti.<br><br>Zbirke osebnih podatkov ne posredujemo tretjim osebam in hranimo na obmo\u010dju Republike Slovenije ter jih ne izna\u0161amo v druge dr\u017eave.<\/p>\n\n\n\n<p><strong>4.&nbsp;&nbsp; &nbsp;Obdobje hrambe<\/strong><\/p>\n\n\n\n<p>Osebne podatke posameznika hranimo do preklica soglasja za hranjenje in obdelavo podatkov posameznika. Po preklicu soglasja posameznika njegove osebne podatke nemudoma u\u010dinkovito in trajno izbri\u0161emo.<br>V kolikor bi v na\u0161em podjetju prenehali zgoraj opisani nameni, zaradi katerih hranimo in obdelujemo osebne podatke, bomo zbirke podatkov, katerih namen je prenehal, nemudoma u\u010dinkovito in trajno izbrisali.<br>Podatke o prikazih prejetih sporo\u010dil in klikih na povezave v prejetih sporo\u010dilih hranimo \u0161e 12 mesecev od po\u0161iljanja sporo\u010dila.<\/p>\n\n\n\n<p><strong>5.&nbsp;&nbsp; &nbsp;Pravice posameznika (osebe)<\/strong><\/p>\n\n\n\n<p>Vsak posameznik lahko za svoje podatke kadarkoli zahteva<br>&#8211;&nbsp;&nbsp; &nbsp;vpogled,<br>&#8211;&nbsp;&nbsp; &nbsp;popravek,<br>&#8211;&nbsp;&nbsp; &nbsp;popoln izbris,<br>&#8211;&nbsp;&nbsp; &nbsp;prenos drugemu ponudniku sorodnih storitev,<br>&#8211;&nbsp;&nbsp; &nbsp;prekinitev obdelave in hranjenja oz. preklic soglasja za obdelavo in hranjenje, ne da bi to vplivalo na zakonitost obdelave, ki se je na podlagi privolitve oz. soglasja izvajala do njegovega preklica.<br>V primeru, da bi v na\u0161em podjetju \u017eeleli nadalje obdelovati osebne podatke za namen, ki ni namen, za katerega so bili osebni podatki zbrani, bomo posamezniku pred tako nadaljnjo obdelavo podatkov zagotovili informacije o tem drugem namenu in vse nadaljnje relevantne informacije, kot so podane v temu dokumentu.<br>Vsak posameznik lahko v primeru, da meni, da so mu z na\u0161e strani kakorkoli kr\u0161ene pravice z naslova varstva njegovih osebnih podatkov, kadarkoli poda prito\u017ebo pri nadzornemu organu &#8211; Informacijskemu poobla\u0161\u010dencu v Republiki Sloveniji:<br>Republika Slovenija, Informacijski poobla\u0161\u010denec, Zalo\u0161ka 59, 1000 Ljubljana, <a href=\"https:\/\/www.ip-rs.si\">https:\/\/www.ip-rs.si<\/a><br>Storili bomo vse, kar je v na\u0161i mo\u010di, da posamezniku pomagamo pri uveljavljanju svojih pravic.<\/p>\n<\/div>\n<\/div>\n<\/div><\/div>\n","protected":false},"excerpt":{"rendered":"<p>Politika varstva osebnih podatkov Upravljalec osebnih&nbsp; podatkov&nbsp; DOMAS-Kont d.o.o. spo\u0161tuje zasebnost uporabnikov in se zavezuje, da bo pridobljene osebne podatke&nbsp; obdelovala v skladu z vsakokrat veljavnimi predpisi na podro\u010dju varstva osebnih podatkov.Na vpra\u0161anja uporabnika o zaupnosti uporabnikovih podatkov, na\u010dinu zbiranja in uporabi podatkov ali \u017eelje po dodatnih informacijah, bo odgovorila odgovorna oseba za varstvo podatkov. [&hellip;]<\/p>\n","protected":false},"author":1,"featured_media":0,"parent":0,"menu_order":0,"comment_status":"closed","ping_status":"closed","template":"","meta":{"footnotes":""},"class_list":["post-338","page","type-page","status-publish","hentry"],"_links":{"self":[{"href":"http:\/\/domas.com\/index.php\/wp-json\/wp\/v2\/pages\/338","targetHints":{"allow":["GET"]}}],"collection":[{"href":"http:\/\/domas.com\/index.php\/wp-json\/wp\/v2\/pages"}],"about":[{"href":"http:\/\/domas.com\/index.php\/wp-json\/wp\/v2\/types\/page"}],"author":[{"embeddable":true,"href":"http:\/\/domas.com\/index.php\/wp-json\/wp\/v2\/users\/1"}],"replies":[{"embeddable":true,"href":"http:\/\/domas.com\/index.php\/wp-json\/wp\/v2\/comments?post=338"}],"version-history":[{"count":3,"href":"http:\/\/domas.com\/index.php\/wp-json\/wp\/v2\/pages\/338\/revisions"}],"predecessor-version":[{"id":341,"href":"http:\/\/domas.com\/index.php\/wp-json\/wp\/v2\/pages\/338\/revisions\/341"}],"wp:attachment":[{"href":"http:\/\/domas.com\/index.php\/wp-json\/wp\/v2\/media?parent=338"}],"curies":[{"name":"wp","href":"https:\/\/api.w.org\/{rel}","templated":true}]}}